{"id":649,"date":"2024-05-07T12:38:36","date_gmt":"2024-05-07T10:38:36","guid":{"rendered":"https:\/\/boxypower.com\/how-it-works\/"},"modified":"2024-08-14T09:45:14","modified_gmt":"2024-08-14T07:45:14","slug":"how-it-works","status":"publish","type":"page","link":"https:\/\/boxypower.com\/hr\/how-it-works\/","title":{"rendered":"Kako radi"},"content":{"rendered":"","protected":false},"excerpt":{"rendered":"\n<div><a class=\"btn btn-secondary virtualna-read-more-link\" href=\"https:\/\/boxypower.com\/hr\/how-it-works\/\">Read More<span class=\"screen-reader-text\"> from Kako radi<\/span><\/a><\/div>\n","protected":false},"author":1,"featured_media":39,"parent":0,"menu_order":0,"comment_status":"closed","ping_status":"closed","template":"page-templates\/how-it-works.php","meta":{"_acf_changed":false,"footnotes":""},"class_list":["post-649","page","type-page","status-publish","has-post-thumbnail","hentry"],"acf":[],"yoast_head":"<!-- This site is optimized with the Yoast SEO plugin v26.2 - https:\/\/yoast.com\/wordpress\/plugins\/seo\/ -->\n<title>Na\u010din rada - Boxy<\/title>\n<meta name=\"description\" content=\"Unajmite najbolji power bank punja\u010d za stanicom za punjenje za pouzdano punjenje u pokretu. Osigurajte punu snagu svojih ure\u0111aja uz Boxy!\" \/>\n<meta name=\"robots\" content=\"index, follow, max-snippet:-1, max-image-preview:large, max-video-preview:-1\" \/>\n<link rel=\"canonical\" href=\"https:\/\/boxypower.com\/hr\/how-it-works\/\" \/>\n<meta property=\"og:locale\" content=\"hr_HR\" \/>\n<meta property=\"og:type\" content=\"article\" \/>\n<meta property=\"og:title\" content=\"Na\u010din rada - Boxy\" \/>\n<meta property=\"og:description\" content=\"Unajmite najbolji power bank punja\u010d za stanicom za punjenje za pouzdano punjenje u pokretu. Osigurajte punu snagu svojih ure\u0111aja uz Boxy!\" \/>\n<meta property=\"og:url\" content=\"https:\/\/boxypower.com\/hr\/how-it-works\/\" \/>\n<meta property=\"og:site_name\" content=\"Boxy\" \/>\n<meta property=\"article:modified_time\" content=\"2024-08-14T07:45:14+00:00\" \/>\n<meta property=\"og:image\" content=\"https:\/\/boxypower.com\/wp-content\/uploads\/2024\/05\/power-bank.jpg\" \/>\n\t<meta property=\"og:image:width\" content=\"1920\" \/>\n\t<meta property=\"og:image:height\" content=\"959\" \/>\n\t<meta property=\"og:image:type\" content=\"image\/jpeg\" \/>\n<meta name=\"twitter:card\" content=\"summary_large_image\" \/>\n<script type=\"application\/ld+json\" class=\"yoast-schema-graph\">{\"@context\":\"https:\/\/schema.org\",\"@graph\":[{\"@type\":\"WebPage\",\"@id\":\"https:\/\/boxypower.com\/hr\/how-it-works\/\",\"url\":\"https:\/\/boxypower.com\/hr\/how-it-works\/\",\"name\":\"Na\u010din rada - Boxy\",\"isPartOf\":{\"@id\":\"https:\/\/boxypower.com\/hr\/#website\"},\"primaryImageOfPage\":{\"@id\":\"https:\/\/boxypower.com\/hr\/how-it-works\/#primaryimage\"},\"image\":{\"@id\":\"https:\/\/boxypower.com\/hr\/how-it-works\/#primaryimage\"},\"thumbnailUrl\":\"https:\/\/boxypower.com\/wp-content\/uploads\/2024\/05\/power-bank.jpg\",\"datePublished\":\"2024-05-07T10:38:36+00:00\",\"dateModified\":\"2024-08-14T07:45:14+00:00\",\"description\":\"Unajmite najbolji power bank punja\u010d za stanicom za punjenje za pouzdano punjenje u pokretu. Osigurajte punu snagu svojih ure\u0111aja uz Boxy!\",\"breadcrumb\":{\"@id\":\"https:\/\/boxypower.com\/hr\/how-it-works\/#breadcrumb\"},\"inLanguage\":\"hr\",\"potentialAction\":[{\"@type\":\"ReadAction\",\"target\":[\"https:\/\/boxypower.com\/hr\/how-it-works\/\"]}]},{\"@type\":\"ImageObject\",\"inLanguage\":\"hr\",\"@id\":\"https:\/\/boxypower.com\/hr\/how-it-works\/#primaryimage\",\"url\":\"https:\/\/boxypower.com\/wp-content\/uploads\/2024\/05\/power-bank.jpg\",\"contentUrl\":\"https:\/\/boxypower.com\/wp-content\/uploads\/2024\/05\/power-bank.jpg\",\"width\":1920,\"height\":959},{\"@type\":\"BreadcrumbList\",\"@id\":\"https:\/\/boxypower.com\/hr\/how-it-works\/#breadcrumb\",\"itemListElement\":[{\"@type\":\"ListItem\",\"position\":1,\"name\":\"Po\u010detna stranica\",\"item\":\"https:\/\/boxypower.com\/hr\/pocetna\/\"},{\"@type\":\"ListItem\",\"position\":2,\"name\":\"Kako radi\"}]},{\"@type\":\"WebSite\",\"@id\":\"https:\/\/boxypower.com\/hr\/#website\",\"url\":\"https:\/\/boxypower.com\/hr\/\",\"name\":\"Boxy\",\"description\":\"\",\"potentialAction\":[{\"@type\":\"SearchAction\",\"target\":{\"@type\":\"EntryPoint\",\"urlTemplate\":\"https:\/\/boxypower.com\/hr\/?s={search_term_string}\"},\"query-input\":{\"@type\":\"PropertyValueSpecification\",\"valueRequired\":true,\"valueName\":\"search_term_string\"}}],\"inLanguage\":\"hr\"}]}<\/script>\n<!-- \/ Yoast SEO plugin. -->","yoast_head_json":{"title":"Na\u010din rada - Boxy","description":"Unajmite najbolji power bank punja\u010d za stanicom za punjenje za pouzdano punjenje u pokretu. Osigurajte punu snagu svojih ure\u0111aja uz Boxy!","robots":{"index":"index","follow":"follow","max-snippet":"max-snippet:-1","max-image-preview":"max-image-preview:large","max-video-preview":"max-video-preview:-1"},"canonical":"https:\/\/boxypower.com\/hr\/how-it-works\/","og_locale":"hr_HR","og_type":"article","og_title":"Na\u010din rada - Boxy","og_description":"Unajmite najbolji power bank punja\u010d za stanicom za punjenje za pouzdano punjenje u pokretu. Osigurajte punu snagu svojih ure\u0111aja uz Boxy!","og_url":"https:\/\/boxypower.com\/hr\/how-it-works\/","og_site_name":"Boxy","article_modified_time":"2024-08-14T07:45:14+00:00","og_image":[{"width":1920,"height":959,"url":"https:\/\/boxypower.com\/wp-content\/uploads\/2024\/05\/power-bank.jpg","type":"image\/jpeg"}],"twitter_card":"summary_large_image","schema":{"@context":"https:\/\/schema.org","@graph":[{"@type":"WebPage","@id":"https:\/\/boxypower.com\/hr\/how-it-works\/","url":"https:\/\/boxypower.com\/hr\/how-it-works\/","name":"Na\u010din rada - Boxy","isPartOf":{"@id":"https:\/\/boxypower.com\/hr\/#website"},"primaryImageOfPage":{"@id":"https:\/\/boxypower.com\/hr\/how-it-works\/#primaryimage"},"image":{"@id":"https:\/\/boxypower.com\/hr\/how-it-works\/#primaryimage"},"thumbnailUrl":"https:\/\/boxypower.com\/wp-content\/uploads\/2024\/05\/power-bank.jpg","datePublished":"2024-05-07T10:38:36+00:00","dateModified":"2024-08-14T07:45:14+00:00","description":"Unajmite najbolji power bank punja\u010d za stanicom za punjenje za pouzdano punjenje u pokretu. Osigurajte punu snagu svojih ure\u0111aja uz Boxy!","breadcrumb":{"@id":"https:\/\/boxypower.com\/hr\/how-it-works\/#breadcrumb"},"inLanguage":"hr","potentialAction":[{"@type":"ReadAction","target":["https:\/\/boxypower.com\/hr\/how-it-works\/"]}]},{"@type":"ImageObject","inLanguage":"hr","@id":"https:\/\/boxypower.com\/hr\/how-it-works\/#primaryimage","url":"https:\/\/boxypower.com\/wp-content\/uploads\/2024\/05\/power-bank.jpg","contentUrl":"https:\/\/boxypower.com\/wp-content\/uploads\/2024\/05\/power-bank.jpg","width":1920,"height":959},{"@type":"BreadcrumbList","@id":"https:\/\/boxypower.com\/hr\/how-it-works\/#breadcrumb","itemListElement":[{"@type":"ListItem","position":1,"name":"Po\u010detna stranica","item":"https:\/\/boxypower.com\/hr\/pocetna\/"},{"@type":"ListItem","position":2,"name":"Kako radi"}]},{"@type":"WebSite","@id":"https:\/\/boxypower.com\/hr\/#website","url":"https:\/\/boxypower.com\/hr\/","name":"Boxy","description":"","potentialAction":[{"@type":"SearchAction","target":{"@type":"EntryPoint","urlTemplate":"https:\/\/boxypower.com\/hr\/?s={search_term_string}"},"query-input":{"@type":"PropertyValueSpecification","valueRequired":true,"valueName":"search_term_string"}}],"inLanguage":"hr"}]}},"_links":{"self":[{"href":"https:\/\/boxypower.com\/hr\/wp-json\/wp\/v2\/pages\/649","targetHints":{"allow":["GET"]}}],"collection":[{"href":"https:\/\/boxypower.com\/hr\/wp-json\/wp\/v2\/pages"}],"about":[{"href":"https:\/\/boxypower.com\/hr\/wp-json\/wp\/v2\/types\/page"}],"author":[{"embeddable":true,"href":"https:\/\/boxypower.com\/hr\/wp-json\/wp\/v2\/users\/1"}],"replies":[{"embeddable":true,"href":"https:\/\/boxypower.com\/hr\/wp-json\/wp\/v2\/comments?post=649"}],"version-history":[{"count":1,"href":"https:\/\/boxypower.com\/hr\/wp-json\/wp\/v2\/pages\/649\/revisions"}],"predecessor-version":[{"id":687,"href":"https:\/\/boxypower.com\/hr\/wp-json\/wp\/v2\/pages\/649\/revisions\/687"}],"wp:featuredmedia":[{"embeddable":true,"href":"https:\/\/boxypower.com\/hr\/wp-json\/wp\/v2\/media\/39"}],"wp:attachment":[{"href":"https:\/\/boxypower.com\/hr\/wp-json\/wp\/v2\/media?parent=649"}],"curies":[{"name":"wp","href":"https:\/\/api.w.org\/{rel}","templated":true}]}}