{"id":648,"date":"2024-05-07T12:38:50","date_gmt":"2024-05-07T10:38:50","guid":{"rendered":"https:\/\/boxypower.com\/faq\/"},"modified":"2025-05-12T11:13:21","modified_gmt":"2025-05-12T09:13:21","slug":"faq","status":"publish","type":"page","link":"https:\/\/boxypower.com\/hr\/faq\/","title":{"rendered":"FAQ"},"content":{"rendered":"","protected":false},"excerpt":{"rendered":"\n<div><a class=\"btn btn-secondary virtualna-read-more-link\" href=\"https:\/\/boxypower.com\/hr\/faq\/\">Read More<span class=\"screen-reader-text\"> from FAQ<\/span><\/a><\/div>\n","protected":false},"author":1,"featured_media":0,"parent":0,"menu_order":0,"comment_status":"closed","ping_status":"closed","template":"page-templates\/faq.php","meta":{"_acf_changed":false,"footnotes":""},"class_list":["post-648","page","type-page","status-publish","hentry"],"acf":[],"yoast_head":"<!-- This site is optimized with the Yoast SEO plugin v26.2 - https:\/\/yoast.com\/wordpress\/plugins\/seo\/ -->\n<title>FAQ - Boxy<\/title>\n<meta name=\"description\" content=\"Ovdje prona\u0111ite odgovore na sva pitanja. Saznajte vi\u0161e o najmu power bankova, stanica za punjenje, tro\u0161kovima, kompatibilnosti ure\u0111aja i ostalim \u010destim upitima.\" \/>\n<meta name=\"robots\" content=\"index, follow, max-snippet:-1, max-image-preview:large, max-video-preview:-1\" \/>\n<link rel=\"canonical\" href=\"https:\/\/boxypower.com\/hr\/faq\/\" \/>\n<meta property=\"og:locale\" content=\"hr_HR\" \/>\n<meta property=\"og:type\" content=\"article\" \/>\n<meta property=\"og:title\" content=\"FAQ - Boxy\" \/>\n<meta property=\"og:description\" content=\"Ovdje prona\u0111ite odgovore na sva pitanja. Saznajte vi\u0161e o najmu power bankova, stanica za punjenje, tro\u0161kovima, kompatibilnosti ure\u0111aja i ostalim \u010destim upitima.\" \/>\n<meta property=\"og:url\" content=\"https:\/\/boxypower.com\/hr\/faq\/\" \/>\n<meta property=\"og:site_name\" content=\"Boxy\" \/>\n<meta property=\"article:modified_time\" content=\"2025-05-12T09:13:21+00:00\" \/>\n<meta name=\"twitter:card\" content=\"summary_large_image\" \/>\n<script type=\"application\/ld+json\" class=\"yoast-schema-graph\">{\"@context\":\"https:\/\/schema.org\",\"@graph\":[{\"@type\":\"WebPage\",\"@id\":\"https:\/\/boxypower.com\/hr\/faq\/\",\"url\":\"https:\/\/boxypower.com\/hr\/faq\/\",\"name\":\"FAQ - Boxy\",\"isPartOf\":{\"@id\":\"https:\/\/boxypower.com\/hr\/#website\"},\"datePublished\":\"2024-05-07T10:38:50+00:00\",\"dateModified\":\"2025-05-12T09:13:21+00:00\",\"description\":\"Ovdje prona\u0111ite odgovore na sva pitanja. Saznajte vi\u0161e o najmu power bankova, stanica za punjenje, tro\u0161kovima, kompatibilnosti ure\u0111aja i ostalim \u010destim upitima.\",\"breadcrumb\":{\"@id\":\"https:\/\/boxypower.com\/hr\/faq\/#breadcrumb\"},\"inLanguage\":\"hr\",\"potentialAction\":[{\"@type\":\"ReadAction\",\"target\":[\"https:\/\/boxypower.com\/hr\/faq\/\"]}]},{\"@type\":\"BreadcrumbList\",\"@id\":\"https:\/\/boxypower.com\/hr\/faq\/#breadcrumb\",\"itemListElement\":[{\"@type\":\"ListItem\",\"position\":1,\"name\":\"Po\u010detna stranica\",\"item\":\"https:\/\/boxypower.com\/hr\/pocetna\/\"},{\"@type\":\"ListItem\",\"position\":2,\"name\":\"FAQ\"}]},{\"@type\":\"WebSite\",\"@id\":\"https:\/\/boxypower.com\/hr\/#website\",\"url\":\"https:\/\/boxypower.com\/hr\/\",\"name\":\"Boxy\",\"description\":\"\",\"potentialAction\":[{\"@type\":\"SearchAction\",\"target\":{\"@type\":\"EntryPoint\",\"urlTemplate\":\"https:\/\/boxypower.com\/hr\/?s={search_term_string}\"},\"query-input\":{\"@type\":\"PropertyValueSpecification\",\"valueRequired\":true,\"valueName\":\"search_term_string\"}}],\"inLanguage\":\"hr\"}]}<\/script>\n<!-- \/ Yoast SEO plugin. -->","yoast_head_json":{"title":"FAQ - Boxy","description":"Ovdje prona\u0111ite odgovore na sva pitanja. Saznajte vi\u0161e o najmu power bankova, stanica za punjenje, tro\u0161kovima, kompatibilnosti ure\u0111aja i ostalim \u010destim upitima.","robots":{"index":"index","follow":"follow","max-snippet":"max-snippet:-1","max-image-preview":"max-image-preview:large","max-video-preview":"max-video-preview:-1"},"canonical":"https:\/\/boxypower.com\/hr\/faq\/","og_locale":"hr_HR","og_type":"article","og_title":"FAQ - Boxy","og_description":"Ovdje prona\u0111ite odgovore na sva pitanja. Saznajte vi\u0161e o najmu power bankova, stanica za punjenje, tro\u0161kovima, kompatibilnosti ure\u0111aja i ostalim \u010destim upitima.","og_url":"https:\/\/boxypower.com\/hr\/faq\/","og_site_name":"Boxy","article_modified_time":"2025-05-12T09:13:21+00:00","twitter_card":"summary_large_image","schema":{"@context":"https:\/\/schema.org","@graph":[{"@type":"WebPage","@id":"https:\/\/boxypower.com\/hr\/faq\/","url":"https:\/\/boxypower.com\/hr\/faq\/","name":"FAQ - Boxy","isPartOf":{"@id":"https:\/\/boxypower.com\/hr\/#website"},"datePublished":"2024-05-07T10:38:50+00:00","dateModified":"2025-05-12T09:13:21+00:00","description":"Ovdje prona\u0111ite odgovore na sva pitanja. Saznajte vi\u0161e o najmu power bankova, stanica za punjenje, tro\u0161kovima, kompatibilnosti ure\u0111aja i ostalim \u010destim upitima.","breadcrumb":{"@id":"https:\/\/boxypower.com\/hr\/faq\/#breadcrumb"},"inLanguage":"hr","potentialAction":[{"@type":"ReadAction","target":["https:\/\/boxypower.com\/hr\/faq\/"]}]},{"@type":"BreadcrumbList","@id":"https:\/\/boxypower.com\/hr\/faq\/#breadcrumb","itemListElement":[{"@type":"ListItem","position":1,"name":"Po\u010detna stranica","item":"https:\/\/boxypower.com\/hr\/pocetna\/"},{"@type":"ListItem","position":2,"name":"FAQ"}]},{"@type":"WebSite","@id":"https:\/\/boxypower.com\/hr\/#website","url":"https:\/\/boxypower.com\/hr\/","name":"Boxy","description":"","potentialAction":[{"@type":"SearchAction","target":{"@type":"EntryPoint","urlTemplate":"https:\/\/boxypower.com\/hr\/?s={search_term_string}"},"query-input":{"@type":"PropertyValueSpecification","valueRequired":true,"valueName":"search_term_string"}}],"inLanguage":"hr"}]}},"_links":{"self":[{"href":"https:\/\/boxypower.com\/hr\/wp-json\/wp\/v2\/pages\/648","targetHints":{"allow":["GET"]}}],"collection":[{"href":"https:\/\/boxypower.com\/hr\/wp-json\/wp\/v2\/pages"}],"about":[{"href":"https:\/\/boxypower.com\/hr\/wp-json\/wp\/v2\/types\/page"}],"author":[{"embeddable":true,"href":"https:\/\/boxypower.com\/hr\/wp-json\/wp\/v2\/users\/1"}],"replies":[{"embeddable":true,"href":"https:\/\/boxypower.com\/hr\/wp-json\/wp\/v2\/comments?post=648"}],"version-history":[{"count":2,"href":"https:\/\/boxypower.com\/hr\/wp-json\/wp\/v2\/pages\/648\/revisions"}],"predecessor-version":[{"id":831,"href":"https:\/\/boxypower.com\/hr\/wp-json\/wp\/v2\/pages\/648\/revisions\/831"}],"wp:attachment":[{"href":"https:\/\/boxypower.com\/hr\/wp-json\/wp\/v2\/media?parent=648"}],"curies":[{"name":"wp","href":"https:\/\/api.w.org\/{rel}","templated":true}]}}