{"id":643,"date":"2024-05-07T12:38:58","date_gmt":"2024-05-07T10:38:58","guid":{"rendered":"https:\/\/boxypower.com\/kontakt\/"},"modified":"2025-11-21T11:08:37","modified_gmt":"2025-11-21T10:08:37","slug":"kontakt","status":"publish","type":"page","link":"https:\/\/boxypower.com\/hr\/kontakt\/","title":{"rendered":"Kontakt"},"content":{"rendered":"<p style=\"text-align: center;\">Zanima vas Boxy? Imate pitanja ili \u017eelite dodatne informacije? MI imamo odgovore! <strong><a style=\"text-decoration: underline !important;\" href=\"mailto:info@boxypower.com\">Po\u0161aljite email na info@boxypower.com<\/a><\/strong>. Ne grizemo.<\/p>\n<p style=\"text-align: center;\">Trebate pomo\u0107? Suo\u010davate se s bilo kakvim problemima ili trebate podr\u0161ku? Na\u0161 tim je tu da vam pomogne! <strong><a style=\"text-decoration: underline !important;\" href=\"mailto:support@boxypower.com\">Kontaktirajte support@boxypower.com<\/a><\/strong> i momentalno \u0107emo rije\u0161iti problem.<\/p>\n<p style=\"text-align: center;\">Spremni da zasjenite tr\u017ei\u0161te? Ako se \u017eelite reklamirati i zablistati na Boxy zaslonima, razgovarajmo! <strong><a style=\"text-decoration: underline !important;\" href=\"mailto:marketing@boxypower.com\">Javite se na marketing@boxypower.com<\/a><\/strong> i u\u010dinimo da va\u0161 brend zablista.<\/p>\n<p style=\"text-align: center;\">Jeste li spremni unaprijediti svoje poslovanje? Posjetite nas u na\u0161em showroomu. Pogledajte Boxy na djelu, osjetite snagu i pokrenimo partnerstvo. Obe\u0107ajemo da \u0107e biti zanimljivije od va\u0161e posljednje uredske zabave!! Zagreba\u010dki Velesajam, Paviljon 14; Av. Dubrovnik 15, Zagreb<\/p>\n<p>&nbsp;<\/p>\n","protected":false},"excerpt":{"rendered":"<p>Zanima vas Boxy? Imate pitanja ili \u017eelite dodatne informacije? MI imamo odgovore! Po\u0161aljite email na info@boxypower.com. Ne grizemo. Trebate pomo\u0107? Suo\u010davate se s bilo kakvim problemima ili trebate podr\u0161ku? Na\u0161 tim je tu da vam pomogne! Kontaktirajte support@boxypower.com i momentalno \u0107emo rije\u0161iti problem. Spremni da zasjenite tr\u017ei\u0161te? Ako se \u017eelite reklamirati i zablistati na Boxy <\/p>\n<div><a class=\"btn btn-secondary virtualna-read-more-link\" href=\"https:\/\/boxypower.com\/hr\/kontakt\/\">Read More<span class=\"screen-reader-text\"> from Kontakt<\/span><\/a><\/div>\n","protected":false},"author":1,"featured_media":0,"parent":0,"menu_order":0,"comment_status":"closed","ping_status":"closed","template":"page-templates\/contact.php","meta":{"_acf_changed":false,"footnotes":""},"class_list":["post-643","page","type-page","status-publish","hentry"],"acf":[],"yoast_head":"<!-- This site is optimized with the Yoast SEO plugin v26.2 - https:\/\/yoast.com\/wordpress\/plugins\/seo\/ -->\n<title>Kontakt - Boxy<\/title>\n<meta name=\"description\" content=\"Kontaktirajte nas za vi\u0161e informacija o Boxy power bankovima i stanicama za punjenje!\" \/>\n<meta name=\"robots\" content=\"index, follow, max-snippet:-1, max-image-preview:large, max-video-preview:-1\" \/>\n<link rel=\"canonical\" href=\"https:\/\/boxypower.com\/hr\/kontakt\/\" \/>\n<meta property=\"og:locale\" content=\"hr_HR\" \/>\n<meta property=\"og:type\" content=\"article\" \/>\n<meta property=\"og:title\" content=\"Kontakt - Boxy\" \/>\n<meta property=\"og:description\" content=\"Kontaktirajte nas za vi\u0161e informacija o Boxy power bankovima i stanicama za punjenje!\" \/>\n<meta property=\"og:url\" content=\"https:\/\/boxypower.com\/hr\/kontakt\/\" \/>\n<meta property=\"og:site_name\" content=\"Boxy\" \/>\n<meta property=\"article:modified_time\" content=\"2025-11-21T10:08:37+00:00\" \/>\n<meta name=\"twitter:card\" content=\"summary_large_image\" \/>\n<meta name=\"twitter:label1\" content=\"Procijenjeno vrijeme \u010ditanja\" \/>\n\t<meta name=\"twitter:data1\" content=\"1 minuta\" \/>\n<script type=\"application\/ld+json\" class=\"yoast-schema-graph\">{\"@context\":\"https:\/\/schema.org\",\"@graph\":[{\"@type\":\"WebPage\",\"@id\":\"https:\/\/boxypower.com\/hr\/kontakt\/\",\"url\":\"https:\/\/boxypower.com\/hr\/kontakt\/\",\"name\":\"Kontakt - Boxy\",\"isPartOf\":{\"@id\":\"https:\/\/boxypower.com\/hr\/#website\"},\"datePublished\":\"2024-05-07T10:38:58+00:00\",\"dateModified\":\"2025-11-21T10:08:37+00:00\",\"description\":\"Kontaktirajte nas za vi\u0161e informacija o Boxy power bankovima i stanicama za punjenje!\",\"breadcrumb\":{\"@id\":\"https:\/\/boxypower.com\/hr\/kontakt\/#breadcrumb\"},\"inLanguage\":\"hr\",\"potentialAction\":[{\"@type\":\"ReadAction\",\"target\":[\"https:\/\/boxypower.com\/hr\/kontakt\/\"]}]},{\"@type\":\"BreadcrumbList\",\"@id\":\"https:\/\/boxypower.com\/hr\/kontakt\/#breadcrumb\",\"itemListElement\":[{\"@type\":\"ListItem\",\"position\":1,\"name\":\"Po\u010detna stranica\",\"item\":\"https:\/\/boxypower.com\/hr\/pocetna\/\"},{\"@type\":\"ListItem\",\"position\":2,\"name\":\"Kontakt\"}]},{\"@type\":\"WebSite\",\"@id\":\"https:\/\/boxypower.com\/hr\/#website\",\"url\":\"https:\/\/boxypower.com\/hr\/\",\"name\":\"Boxy\",\"description\":\"\",\"potentialAction\":[{\"@type\":\"SearchAction\",\"target\":{\"@type\":\"EntryPoint\",\"urlTemplate\":\"https:\/\/boxypower.com\/hr\/?s={search_term_string}\"},\"query-input\":{\"@type\":\"PropertyValueSpecification\",\"valueRequired\":true,\"valueName\":\"search_term_string\"}}],\"inLanguage\":\"hr\"}]}<\/script>\n<!-- \/ Yoast SEO plugin. -->","yoast_head_json":{"title":"Kontakt - Boxy","description":"Kontaktirajte nas za vi\u0161e informacija o Boxy power bankovima i stanicama za punjenje!","robots":{"index":"index","follow":"follow","max-snippet":"max-snippet:-1","max-image-preview":"max-image-preview:large","max-video-preview":"max-video-preview:-1"},"canonical":"https:\/\/boxypower.com\/hr\/kontakt\/","og_locale":"hr_HR","og_type":"article","og_title":"Kontakt - Boxy","og_description":"Kontaktirajte nas za vi\u0161e informacija o Boxy power bankovima i stanicama za punjenje!","og_url":"https:\/\/boxypower.com\/hr\/kontakt\/","og_site_name":"Boxy","article_modified_time":"2025-11-21T10:08:37+00:00","twitter_card":"summary_large_image","twitter_misc":{"Procijenjeno vrijeme \u010ditanja":"1 minuta"},"schema":{"@context":"https:\/\/schema.org","@graph":[{"@type":"WebPage","@id":"https:\/\/boxypower.com\/hr\/kontakt\/","url":"https:\/\/boxypower.com\/hr\/kontakt\/","name":"Kontakt - Boxy","isPartOf":{"@id":"https:\/\/boxypower.com\/hr\/#website"},"datePublished":"2024-05-07T10:38:58+00:00","dateModified":"2025-11-21T10:08:37+00:00","description":"Kontaktirajte nas za vi\u0161e informacija o Boxy power bankovima i stanicama za punjenje!","breadcrumb":{"@id":"https:\/\/boxypower.com\/hr\/kontakt\/#breadcrumb"},"inLanguage":"hr","potentialAction":[{"@type":"ReadAction","target":["https:\/\/boxypower.com\/hr\/kontakt\/"]}]},{"@type":"BreadcrumbList","@id":"https:\/\/boxypower.com\/hr\/kontakt\/#breadcrumb","itemListElement":[{"@type":"ListItem","position":1,"name":"Po\u010detna stranica","item":"https:\/\/boxypower.com\/hr\/pocetna\/"},{"@type":"ListItem","position":2,"name":"Kontakt"}]},{"@type":"WebSite","@id":"https:\/\/boxypower.com\/hr\/#website","url":"https:\/\/boxypower.com\/hr\/","name":"Boxy","description":"","potentialAction":[{"@type":"SearchAction","target":{"@type":"EntryPoint","urlTemplate":"https:\/\/boxypower.com\/hr\/?s={search_term_string}"},"query-input":{"@type":"PropertyValueSpecification","valueRequired":true,"valueName":"search_term_string"}}],"inLanguage":"hr"}]}},"_links":{"self":[{"href":"https:\/\/boxypower.com\/hr\/wp-json\/wp\/v2\/pages\/643","targetHints":{"allow":["GET"]}}],"collection":[{"href":"https:\/\/boxypower.com\/hr\/wp-json\/wp\/v2\/pages"}],"about":[{"href":"https:\/\/boxypower.com\/hr\/wp-json\/wp\/v2\/types\/page"}],"author":[{"embeddable":true,"href":"https:\/\/boxypower.com\/hr\/wp-json\/wp\/v2\/users\/1"}],"replies":[{"embeddable":true,"href":"https:\/\/boxypower.com\/hr\/wp-json\/wp\/v2\/comments?post=643"}],"version-history":[{"count":5,"href":"https:\/\/boxypower.com\/hr\/wp-json\/wp\/v2\/pages\/643\/revisions"}],"predecessor-version":[{"id":938,"href":"https:\/\/boxypower.com\/hr\/wp-json\/wp\/v2\/pages\/643\/revisions\/938"}],"wp:attachment":[{"href":"https:\/\/boxypower.com\/hr\/wp-json\/wp\/v2\/media?parent=643"}],"curies":[{"name":"wp","href":"https:\/\/api.w.org\/{rel}","templated":true}]}}