{"id":642,"date":"2024-05-07T12:38:43","date_gmt":"2024-05-07T10:38:43","guid":{"rendered":"https:\/\/boxypower.com\/boxy-updates\/"},"modified":"2024-08-14T09:47:06","modified_gmt":"2024-08-14T07:47:06","slug":"boxy-updates","status":"publish","type":"page","link":"https:\/\/boxypower.com\/hr\/boxy-updates\/","title":{"rendered":"Boxy Novosti"},"content":{"rendered":"<p>Ovdje dijelimo najnovije obavjesti, uzbudljive vijesti te posebne doga\u0111aje i doga\u0111aje koji \u0107e vas dr\u017eati povezanim\u2014ne samo s strujom, ve\u0107 i sa zajednicom koja se pokre\u0107e i trese. <\/p>\n<p class=\"font-24 font-weight-300 lh-30\">Uronite u na\u0161e najnovije pustolovine i saznajte \u0161to je novo u svijetu dijeljenja Boxy power bankova.<\/p>\n","protected":false},"excerpt":{"rendered":"<p>Ovdje dijelimo najnovije obavjesti, uzbudljive vijesti te posebne doga\u0111aje i doga\u0111aje koji \u0107e vas dr\u017eati povezanim\u2014ne samo s strujom, ve\u0107 i sa zajednicom koja se pokre\u0107e i trese. Uronite u na\u0161e najnovije pustolovine i saznajte \u0161to je novo u svijetu dijeljenja Boxy power bankova. <\/p>\n<div><a class=\"btn btn-secondary virtualna-read-more-link\" href=\"https:\/\/boxypower.com\/hr\/boxy-updates\/\">Read More<span class=\"screen-reader-text\"> from Boxy Novosti<\/span><\/a><\/div>\n","protected":false},"author":1,"featured_media":236,"parent":0,"menu_order":0,"comment_status":"closed","ping_status":"closed","template":"page-templates\/updates.php","meta":{"_acf_changed":false,"footnotes":""},"class_list":["post-642","page","type-page","status-publish","has-post-thumbnail","hentry"],"acf":[],"yoast_head":"<!-- This site is optimized with the Yoast SEO plugin v26.2 - https:\/\/yoast.com\/wordpress\/plugins\/seo\/ -->\n<title>Boxy Novosti - Boxy<\/title>\n<meta name=\"description\" content=\"Budite u toku s najnovijim vijestima i doga\u0111anjima. Otkrijte najnovije lokacije power bank punja\u010da i stanica za punjenje, posebne promocije i doga\u0111anja u zajednici.\" \/>\n<meta name=\"robots\" content=\"index, follow, max-snippet:-1, max-image-preview:large, max-video-preview:-1\" \/>\n<link rel=\"canonical\" href=\"https:\/\/boxypower.com\/hr\/boxy-updates\/\" \/>\n<meta property=\"og:locale\" content=\"hr_HR\" \/>\n<meta property=\"og:type\" content=\"article\" \/>\n<meta property=\"og:title\" content=\"Boxy Novosti - Boxy\" \/>\n<meta property=\"og:description\" content=\"Budite u toku s najnovijim vijestima i doga\u0111anjima. Otkrijte najnovije lokacije power bank punja\u010da i stanica za punjenje, posebne promocije i doga\u0111anja u zajednici.\" \/>\n<meta property=\"og:url\" content=\"https:\/\/boxypower.com\/hr\/boxy-updates\/\" \/>\n<meta property=\"og:site_name\" content=\"Boxy\" \/>\n<meta property=\"article:modified_time\" content=\"2024-08-14T07:47:06+00:00\" \/>\n<meta property=\"og:image\" content=\"https:\/\/boxypower.com\/wp-content\/uploads\/2024\/05\/boxy-updates.jpg\" \/>\n\t<meta property=\"og:image:width\" content=\"1920\" \/>\n\t<meta property=\"og:image:height\" content=\"960\" \/>\n\t<meta property=\"og:image:type\" content=\"image\/jpeg\" \/>\n<meta name=\"twitter:card\" content=\"summary_large_image\" \/>\n<script type=\"application\/ld+json\" class=\"yoast-schema-graph\">{\"@context\":\"https:\/\/schema.org\",\"@graph\":[{\"@type\":\"WebPage\",\"@id\":\"https:\/\/boxypower.com\/hr\/boxy-updates\/\",\"url\":\"https:\/\/boxypower.com\/hr\/boxy-updates\/\",\"name\":\"Boxy Novosti - Boxy\",\"isPartOf\":{\"@id\":\"https:\/\/boxypower.com\/hr\/#website\"},\"primaryImageOfPage\":{\"@id\":\"https:\/\/boxypower.com\/hr\/boxy-updates\/#primaryimage\"},\"image\":{\"@id\":\"https:\/\/boxypower.com\/hr\/boxy-updates\/#primaryimage\"},\"thumbnailUrl\":\"https:\/\/boxypower.com\/wp-content\/uploads\/2024\/05\/boxy-updates.jpg\",\"datePublished\":\"2024-05-07T10:38:43+00:00\",\"dateModified\":\"2024-08-14T07:47:06+00:00\",\"description\":\"Budite u toku s najnovijim vijestima i doga\u0111anjima. Otkrijte najnovije lokacije power bank punja\u010da i stanica za punjenje, posebne promocije i doga\u0111anja u zajednici.\",\"breadcrumb\":{\"@id\":\"https:\/\/boxypower.com\/hr\/boxy-updates\/#breadcrumb\"},\"inLanguage\":\"hr\",\"potentialAction\":[{\"@type\":\"ReadAction\",\"target\":[\"https:\/\/boxypower.com\/hr\/boxy-updates\/\"]}]},{\"@type\":\"ImageObject\",\"inLanguage\":\"hr\",\"@id\":\"https:\/\/boxypower.com\/hr\/boxy-updates\/#primaryimage\",\"url\":\"https:\/\/boxypower.com\/wp-content\/uploads\/2024\/05\/boxy-updates.jpg\",\"contentUrl\":\"https:\/\/boxypower.com\/wp-content\/uploads\/2024\/05\/boxy-updates.jpg\",\"width\":1920,\"height\":960},{\"@type\":\"BreadcrumbList\",\"@id\":\"https:\/\/boxypower.com\/hr\/boxy-updates\/#breadcrumb\",\"itemListElement\":[{\"@type\":\"ListItem\",\"position\":1,\"name\":\"Po\u010detna stranica\",\"item\":\"https:\/\/boxypower.com\/hr\/pocetna\/\"},{\"@type\":\"ListItem\",\"position\":2,\"name\":\"Boxy Novosti\"}]},{\"@type\":\"WebSite\",\"@id\":\"https:\/\/boxypower.com\/hr\/#website\",\"url\":\"https:\/\/boxypower.com\/hr\/\",\"name\":\"Boxy\",\"description\":\"\",\"potentialAction\":[{\"@type\":\"SearchAction\",\"target\":{\"@type\":\"EntryPoint\",\"urlTemplate\":\"https:\/\/boxypower.com\/hr\/?s={search_term_string}\"},\"query-input\":{\"@type\":\"PropertyValueSpecification\",\"valueRequired\":true,\"valueName\":\"search_term_string\"}}],\"inLanguage\":\"hr\"}]}<\/script>\n<!-- \/ Yoast SEO plugin. -->","yoast_head_json":{"title":"Boxy Novosti - Boxy","description":"Budite u toku s najnovijim vijestima i doga\u0111anjima. Otkrijte najnovije lokacije power bank punja\u010da i stanica za punjenje, posebne promocije i doga\u0111anja u zajednici.","robots":{"index":"index","follow":"follow","max-snippet":"max-snippet:-1","max-image-preview":"max-image-preview:large","max-video-preview":"max-video-preview:-1"},"canonical":"https:\/\/boxypower.com\/hr\/boxy-updates\/","og_locale":"hr_HR","og_type":"article","og_title":"Boxy Novosti - Boxy","og_description":"Budite u toku s najnovijim vijestima i doga\u0111anjima. Otkrijte najnovije lokacije power bank punja\u010da i stanica za punjenje, posebne promocije i doga\u0111anja u zajednici.","og_url":"https:\/\/boxypower.com\/hr\/boxy-updates\/","og_site_name":"Boxy","article_modified_time":"2024-08-14T07:47:06+00:00","og_image":[{"width":1920,"height":960,"url":"https:\/\/boxypower.com\/wp-content\/uploads\/2024\/05\/boxy-updates.jpg","type":"image\/jpeg"}],"twitter_card":"summary_large_image","schema":{"@context":"https:\/\/schema.org","@graph":[{"@type":"WebPage","@id":"https:\/\/boxypower.com\/hr\/boxy-updates\/","url":"https:\/\/boxypower.com\/hr\/boxy-updates\/","name":"Boxy Novosti - Boxy","isPartOf":{"@id":"https:\/\/boxypower.com\/hr\/#website"},"primaryImageOfPage":{"@id":"https:\/\/boxypower.com\/hr\/boxy-updates\/#primaryimage"},"image":{"@id":"https:\/\/boxypower.com\/hr\/boxy-updates\/#primaryimage"},"thumbnailUrl":"https:\/\/boxypower.com\/wp-content\/uploads\/2024\/05\/boxy-updates.jpg","datePublished":"2024-05-07T10:38:43+00:00","dateModified":"2024-08-14T07:47:06+00:00","description":"Budite u toku s najnovijim vijestima i doga\u0111anjima. Otkrijte najnovije lokacije power bank punja\u010da i stanica za punjenje, posebne promocije i doga\u0111anja u zajednici.","breadcrumb":{"@id":"https:\/\/boxypower.com\/hr\/boxy-updates\/#breadcrumb"},"inLanguage":"hr","potentialAction":[{"@type":"ReadAction","target":["https:\/\/boxypower.com\/hr\/boxy-updates\/"]}]},{"@type":"ImageObject","inLanguage":"hr","@id":"https:\/\/boxypower.com\/hr\/boxy-updates\/#primaryimage","url":"https:\/\/boxypower.com\/wp-content\/uploads\/2024\/05\/boxy-updates.jpg","contentUrl":"https:\/\/boxypower.com\/wp-content\/uploads\/2024\/05\/boxy-updates.jpg","width":1920,"height":960},{"@type":"BreadcrumbList","@id":"https:\/\/boxypower.com\/hr\/boxy-updates\/#breadcrumb","itemListElement":[{"@type":"ListItem","position":1,"name":"Po\u010detna stranica","item":"https:\/\/boxypower.com\/hr\/pocetna\/"},{"@type":"ListItem","position":2,"name":"Boxy Novosti"}]},{"@type":"WebSite","@id":"https:\/\/boxypower.com\/hr\/#website","url":"https:\/\/boxypower.com\/hr\/","name":"Boxy","description":"","potentialAction":[{"@type":"SearchAction","target":{"@type":"EntryPoint","urlTemplate":"https:\/\/boxypower.com\/hr\/?s={search_term_string}"},"query-input":{"@type":"PropertyValueSpecification","valueRequired":true,"valueName":"search_term_string"}}],"inLanguage":"hr"}]}},"_links":{"self":[{"href":"https:\/\/boxypower.com\/hr\/wp-json\/wp\/v2\/pages\/642","targetHints":{"allow":["GET"]}}],"collection":[{"href":"https:\/\/boxypower.com\/hr\/wp-json\/wp\/v2\/pages"}],"about":[{"href":"https:\/\/boxypower.com\/hr\/wp-json\/wp\/v2\/types\/page"}],"author":[{"embeddable":true,"href":"https:\/\/boxypower.com\/hr\/wp-json\/wp\/v2\/users\/1"}],"replies":[{"embeddable":true,"href":"https:\/\/boxypower.com\/hr\/wp-json\/wp\/v2\/comments?post=642"}],"version-history":[{"count":3,"href":"https:\/\/boxypower.com\/hr\/wp-json\/wp\/v2\/pages\/642\/revisions"}],"predecessor-version":[{"id":751,"href":"https:\/\/boxypower.com\/hr\/wp-json\/wp\/v2\/pages\/642\/revisions\/751"}],"wp:featuredmedia":[{"embeddable":true,"href":"https:\/\/boxypower.com\/hr\/wp-json\/wp\/v2\/media\/236"}],"wp:attachment":[{"href":"https:\/\/boxypower.com\/hr\/wp-json\/wp\/v2\/media?parent=642"}],"curies":[{"name":"wp","href":"https:\/\/api.w.org\/{rel}","templated":true}]}}