{"id":641,"date":"2024-05-06T16:13:08","date_gmt":"2024-05-06T14:13:08","guid":{"rendered":"https:\/\/boxypower.com\/pocetna\/"},"modified":"2024-08-14T10:04:22","modified_gmt":"2024-08-14T08:04:22","slug":"pocetna","status":"publish","type":"page","link":"https:\/\/boxypower.com\/hr\/","title":{"rendered":"Po\u010detna"},"content":{"rendered":"","protected":false},"excerpt":{"rendered":"\n<div><a class=\"btn btn-secondary virtualna-read-more-link\" href=\"https:\/\/boxypower.com\/hr\/\">Read More<span class=\"screen-reader-text\"> from Po\u010detna<\/span><\/a><\/div>\n","protected":false},"author":1,"featured_media":51,"parent":0,"menu_order":0,"comment_status":"closed","ping_status":"closed","template":"page-templates\/homepage.php","meta":{"_acf_changed":false,"footnotes":""},"class_list":["post-641","page","type-page","status-publish","has-post-thumbnail","hentry"],"acf":[],"yoast_head":"<!-- This site is optimized with the Yoast SEO plugin v26.2 - https:\/\/yoast.com\/wordpress\/plugins\/seo\/ -->\n<title>Po\u010detna - Boxy<\/title>\n<meta name=\"description\" content=\"Boxy nudi power bank punja\u010de sa stanicom za punjenje kako bi va\u0161i ure\u0111aji bili uvijek napunjeni, bilo gdje i bilo kada.\" \/>\n<meta name=\"robots\" content=\"index, follow, max-snippet:-1, max-image-preview:large, max-video-preview:-1\" \/>\n<link rel=\"canonical\" href=\"https:\/\/boxypower.com\/hr\/\" \/>\n<meta property=\"og:locale\" content=\"hr_HR\" \/>\n<meta property=\"og:type\" content=\"article\" \/>\n<meta property=\"og:title\" content=\"Po\u010detna - Boxy\" \/>\n<meta property=\"og:description\" content=\"Boxy nudi power bank punja\u010de sa stanicom za punjenje kako bi va\u0161i ure\u0111aji bili uvijek napunjeni, bilo gdje i bilo kada.\" \/>\n<meta property=\"og:url\" content=\"https:\/\/boxypower.com\/hr\/\" \/>\n<meta property=\"og:site_name\" content=\"Boxy\" \/>\n<meta property=\"article:modified_time\" content=\"2024-08-14T08:04:22+00:00\" \/>\n<meta property=\"og:image\" content=\"https:\/\/boxypower.com\/wp-content\/uploads\/2024\/05\/boxy.jpg\" \/>\n\t<meta property=\"og:image:width\" content=\"1920\" \/>\n\t<meta property=\"og:image:height\" content=\"948\" \/>\n\t<meta property=\"og:image:type\" content=\"image\/jpeg\" \/>\n<meta name=\"twitter:card\" content=\"summary_large_image\" \/>\n<script type=\"application\/ld+json\" class=\"yoast-schema-graph\">{\"@context\":\"https:\/\/schema.org\",\"@graph\":[{\"@type\":\"WebPage\",\"@id\":\"https:\/\/boxypower.com\/hr\/\",\"url\":\"https:\/\/boxypower.com\/hr\/\",\"name\":\"Po\u010detna - Boxy\",\"isPartOf\":{\"@id\":\"https:\/\/boxypower.com\/hr\/#website\"},\"primaryImageOfPage\":{\"@id\":\"https:\/\/boxypower.com\/hr\/#primaryimage\"},\"image\":{\"@id\":\"https:\/\/boxypower.com\/hr\/#primaryimage\"},\"thumbnailUrl\":\"https:\/\/boxypower.com\/wp-content\/uploads\/2024\/05\/boxy.jpg\",\"datePublished\":\"2024-05-06T14:13:08+00:00\",\"dateModified\":\"2024-08-14T08:04:22+00:00\",\"description\":\"Boxy nudi power bank punja\u010de sa stanicom za punjenje kako bi va\u0161i ure\u0111aji bili uvijek napunjeni, bilo gdje i bilo kada.\",\"breadcrumb\":{\"@id\":\"https:\/\/boxypower.com\/hr\/#breadcrumb\"},\"inLanguage\":\"hr\",\"potentialAction\":[{\"@type\":\"ReadAction\",\"target\":[\"https:\/\/boxypower.com\/hr\/\"]}]},{\"@type\":\"ImageObject\",\"inLanguage\":\"hr\",\"@id\":\"https:\/\/boxypower.com\/hr\/#primaryimage\",\"url\":\"https:\/\/boxypower.com\/wp-content\/uploads\/2024\/05\/boxy.jpg\",\"contentUrl\":\"https:\/\/boxypower.com\/wp-content\/uploads\/2024\/05\/boxy.jpg\",\"width\":1920,\"height\":948},{\"@type\":\"BreadcrumbList\",\"@id\":\"https:\/\/boxypower.com\/hr\/#breadcrumb\",\"itemListElement\":[{\"@type\":\"ListItem\",\"position\":1,\"name\":\"Po\u010detna stranica\",\"item\":\"https:\/\/boxypower.com\/hr\/pocetna\/\"},{\"@type\":\"ListItem\",\"position\":2,\"name\":\"Po\u010detna\"}]},{\"@type\":\"WebSite\",\"@id\":\"https:\/\/boxypower.com\/hr\/#website\",\"url\":\"https:\/\/boxypower.com\/hr\/\",\"name\":\"Boxy\",\"description\":\"\",\"potentialAction\":[{\"@type\":\"SearchAction\",\"target\":{\"@type\":\"EntryPoint\",\"urlTemplate\":\"https:\/\/boxypower.com\/hr\/?s={search_term_string}\"},\"query-input\":{\"@type\":\"PropertyValueSpecification\",\"valueRequired\":true,\"valueName\":\"search_term_string\"}}],\"inLanguage\":\"hr\"}]}<\/script>\n<!-- \/ Yoast SEO plugin. -->","yoast_head_json":{"title":"Po\u010detna - Boxy","description":"Boxy nudi power bank punja\u010de sa stanicom za punjenje kako bi va\u0161i ure\u0111aji bili uvijek napunjeni, bilo gdje i bilo kada.","robots":{"index":"index","follow":"follow","max-snippet":"max-snippet:-1","max-image-preview":"max-image-preview:large","max-video-preview":"max-video-preview:-1"},"canonical":"https:\/\/boxypower.com\/hr\/","og_locale":"hr_HR","og_type":"article","og_title":"Po\u010detna - Boxy","og_description":"Boxy nudi power bank punja\u010de sa stanicom za punjenje kako bi va\u0161i ure\u0111aji bili uvijek napunjeni, bilo gdje i bilo kada.","og_url":"https:\/\/boxypower.com\/hr\/","og_site_name":"Boxy","article_modified_time":"2024-08-14T08:04:22+00:00","og_image":[{"width":1920,"height":948,"url":"https:\/\/boxypower.com\/wp-content\/uploads\/2024\/05\/boxy.jpg","type":"image\/jpeg"}],"twitter_card":"summary_large_image","schema":{"@context":"https:\/\/schema.org","@graph":[{"@type":"WebPage","@id":"https:\/\/boxypower.com\/hr\/","url":"https:\/\/boxypower.com\/hr\/","name":"Po\u010detna - Boxy","isPartOf":{"@id":"https:\/\/boxypower.com\/hr\/#website"},"primaryImageOfPage":{"@id":"https:\/\/boxypower.com\/hr\/#primaryimage"},"image":{"@id":"https:\/\/boxypower.com\/hr\/#primaryimage"},"thumbnailUrl":"https:\/\/boxypower.com\/wp-content\/uploads\/2024\/05\/boxy.jpg","datePublished":"2024-05-06T14:13:08+00:00","dateModified":"2024-08-14T08:04:22+00:00","description":"Boxy nudi power bank punja\u010de sa stanicom za punjenje kako bi va\u0161i ure\u0111aji bili uvijek napunjeni, bilo gdje i bilo kada.","breadcrumb":{"@id":"https:\/\/boxypower.com\/hr\/#breadcrumb"},"inLanguage":"hr","potentialAction":[{"@type":"ReadAction","target":["https:\/\/boxypower.com\/hr\/"]}]},{"@type":"ImageObject","inLanguage":"hr","@id":"https:\/\/boxypower.com\/hr\/#primaryimage","url":"https:\/\/boxypower.com\/wp-content\/uploads\/2024\/05\/boxy.jpg","contentUrl":"https:\/\/boxypower.com\/wp-content\/uploads\/2024\/05\/boxy.jpg","width":1920,"height":948},{"@type":"BreadcrumbList","@id":"https:\/\/boxypower.com\/hr\/#breadcrumb","itemListElement":[{"@type":"ListItem","position":1,"name":"Po\u010detna stranica","item":"https:\/\/boxypower.com\/hr\/pocetna\/"},{"@type":"ListItem","position":2,"name":"Po\u010detna"}]},{"@type":"WebSite","@id":"https:\/\/boxypower.com\/hr\/#website","url":"https:\/\/boxypower.com\/hr\/","name":"Boxy","description":"","potentialAction":[{"@type":"SearchAction","target":{"@type":"EntryPoint","urlTemplate":"https:\/\/boxypower.com\/hr\/?s={search_term_string}"},"query-input":{"@type":"PropertyValueSpecification","valueRequired":true,"valueName":"search_term_string"}}],"inLanguage":"hr"}]}},"_links":{"self":[{"href":"https:\/\/boxypower.com\/hr\/wp-json\/wp\/v2\/pages\/641","targetHints":{"allow":["GET"]}}],"collection":[{"href":"https:\/\/boxypower.com\/hr\/wp-json\/wp\/v2\/pages"}],"about":[{"href":"https:\/\/boxypower.com\/hr\/wp-json\/wp\/v2\/types\/page"}],"author":[{"embeddable":true,"href":"https:\/\/boxypower.com\/hr\/wp-json\/wp\/v2\/users\/1"}],"replies":[{"embeddable":true,"href":"https:\/\/boxypower.com\/hr\/wp-json\/wp\/v2\/comments?post=641"}],"version-history":[{"count":1,"href":"https:\/\/boxypower.com\/hr\/wp-json\/wp\/v2\/pages\/641\/revisions"}],"predecessor-version":[{"id":650,"href":"https:\/\/boxypower.com\/hr\/wp-json\/wp\/v2\/pages\/641\/revisions\/650"}],"wp:featuredmedia":[{"embeddable":true,"href":"https:\/\/boxypower.com\/hr\/wp-json\/wp\/v2\/media\/51"}],"wp:attachment":[{"href":"https:\/\/boxypower.com\/hr\/wp-json\/wp\/v2\/media?parent=641"}],"curies":[{"name":"wp","href":"https:\/\/api.w.org\/{rel}","templated":true}]}}